{"id":11,"date":"2013-09-17T15:44:23","date_gmt":"2013-09-17T13:44:23","guid":{"rendered":"http:\/\/pdfab.se\/?page_id=11"},"modified":"2022-03-08T15:20:48","modified_gmt":"2022-03-08T14:20:48","slug":"contact-us","status":"publish","type":"page","link":"https:\/\/plockmaticgroup.com\/plockmatic\/contact-us\/","title":{"rendered":"Contact Us"},"content":{"rendered":"<div class=\"wpb-content-wrapper\"><p>[vc_row content_placement=&#8221;middle&#8221;][vc_column width=&#8221;1\/4&#8243; offset=&#8221;vc_col-xs-12&#8243;][vc_column_text]Plockmatic International AB<br \/>\nTelefonv\u00e4gen 30<br \/>\nSE-126 26 H\u00c4GERSTEN<br \/>\nSWEDEN<br \/>\nPhone: +46 8 602 50 00<br \/>\nFax: +46 8 722 9970[\/vc_column_text][\/vc_column][vc_column width=&#8221;1\/4&#8243; offset=&#8221;vc_hidden-xs&#8221;][vc_column_text]Visiting address: Telefonv\u00e4gen 30, 126 26 H\u00c4GERSTEN<\/p>\n<p>Delivery address: Dialoggatan 12, 126 26 H\u00c4GERSTEN[\/vc_column_text][\/vc_column][vc_column width=&#8221;1\/4&#8243;][\/vc_column][vc_column width=&#8221;1\/4&#8243;][\/vc_column][\/vc_row][vc_row][vc_column][vc_column_text]<\/p>\n<h2 style=\"text-align: left;\">Sales &amp; Marketing<\/h2>\n<p>[\/vc_column_text][\/vc_column][vc_column width=&#8221;1\/4&#8243;]<div class=\"row\"><div class=\"col-sm-12\"><div class=\"contact text-center\"><img loading=\"lazy\" decoding=\"async\" width=\"111\" height=\"111\" src=\"https:\/\/plockmaticgroup.com\/plockmatic\/wp-content\/uploads\/sites\/1\/2022\/03\/Johan-288x300-1-150x150.png\" class=\"attachment-111x138 size-111x138\" alt=\"\" \/><div class=\"caption\"><h3>Inline Systems<\/h3><p>VP Business Unit Inline &amp; Group Technical support<\/p><p>Johan Mikaelsson<\/p><p>+46 70 602 50 63<\/p><p><\/p><p><a href=\"https:\/\/plockmaticgroup.com\/plockmatic\/sendmail\/?c=Sm9oYW4gTWlrYWVsc3Nvbnx8fGpvaGFuLm1pa2FlbHNzb25AcGxvY2ttYXRpYy5jb20=\">E-Mail<\/a><\/p><\/div><\/div><\/div><\/div>[\/vc_column][vc_column width=&#8221;1\/4&#8243;]<div class=\"row\"><div class=\"col-sm-12\"><div class=\"contact text-center\"><img loading=\"lazy\" decoding=\"async\" width=\"111\" height=\"138\" src=\"https:\/\/plockmaticgroup.com\/plockmatic\/wp-content\/uploads\/sites\/1\/2013\/09\/Bill-240x300.jpg\" class=\"attachment-111x138 size-111x138\" alt=\"\" \/><div class=\"caption\"><h3>Sales Director<\/h3><p>Inline Systems North America<\/p><p>Bill Gross<\/p><p>Phone: +1 301 574 2408<\/p><p>Phone: +1 301 938 6356<\/p><p><a href=\"https:\/\/plockmaticgroup.com\/plockmatic\/sendmail\/?c=QmlsbCBHcm9zc3x8fGJpbGwuZ3Jvc3NAcGxvY2ttYXRpYy5zZQ==\">E-Mail<\/a><\/p><\/div><\/div><\/div><\/div>[\/vc_column][vc_column width=&#8221;1\/4&#8243;]<div class=\"row\"><div class=\"col-sm-12\"><div class=\"contact text-center\"><img loading=\"lazy\" decoding=\"async\" width=\"111\" height=\"138\" src=\"https:\/\/plockmaticgroup.com\/plockmatic\/wp-content\/uploads\/sites\/1\/2013\/09\/Chris-240x300.jpg\" class=\"attachment-111x138 size-111x138\" alt=\"\" \/><div class=\"caption\"><h3>Regional Sales Manager<\/h3><p>Inline Systems Asia Pacific<\/p><p>Chris Toll<\/p><p>Phone: +61 7 4697 9553<\/p><p>Phone: +61 431 411 768<\/p><p><a href=\"https:\/\/plockmaticgroup.com\/plockmatic\/sendmail\/?c=Q2hyaXMgVG9sbHx8fGNocmlzLnRvbGxAcGxvY2ttYXRpYy5zZQ==\">E-Mail<\/a><\/p><\/div><\/div><\/div><\/div>[\/vc_column][vc_column width=&#8221;1\/4&#8243;]<div class=\"row\"><div class=\"col-sm-12\"><div class=\"contact text-center\"><img loading=\"lazy\" decoding=\"async\" width=\"111\" height=\"138\" src=\"https:\/\/plockmaticgroup.com\/plockmatic\/wp-content\/uploads\/sites\/1\/2013\/09\/Lucas-240x300.jpg\" class=\"attachment-111x138 size-111x138\" alt=\"\" \/><div class=\"caption\"><h3>Sales &amp; Technical Service Manager<\/h3><p>Inline Systems Europe<\/p><p>Lucas Barthelson<\/p><p>Phone: +46 8 602 23 61<\/p><p>Phone: +46 70 266 45 93<\/p><p><a href=\"https:\/\/plockmaticgroup.com\/plockmatic\/sendmail\/?c=THVjYXMgQmFydGhlbHNvbnx8fGx1Y2FzLmJhcnRoZWxzb25AcGxvY2ttYXRpYy5zZQ==\">E-Mail<\/a><\/p><\/div><\/div><\/div><\/div>[\/vc_column][\/vc_row][vc_row][vc_column][vc_empty_space height=&#8221;50px&#8221;][\/vc_column][\/vc_row][vc_row][vc_column width=&#8221;1\/4&#8243;]<div class=\"row\"><div class=\"col-sm-12\"><div class=\"contact text-center\"><img loading=\"lazy\" decoding=\"async\" width=\"111\" height=\"138\" src=\"https:\/\/plockmaticgroup.com\/plockmatic\/wp-content\/uploads\/sites\/1\/2013\/09\/Anton-240x300.jpg\" class=\"attachment-111x138 size-111x138\" alt=\"\" \/><div class=\"caption\"><h3>Marketing Manager<\/h3><p>Inline Systems<\/p><p>Anton Delin<\/p><p>Phone: +46 8 602 50 53<\/p><p>Phone: +46 70 573 06 37<\/p><p><a href=\"https:\/\/plockmaticgroup.com\/plockmatic\/sendmail\/?c=QW50b24gRGVsaW58fHxhbnRvbi5kZWxpbkBwbG9ja21hdGljLnNl\">E-Mail<\/a><\/p><\/div><\/div><\/div><\/div>[\/vc_column][vc_column width=&#8221;1\/4&#8243;]<div class=\"row\"><div class=\"col-sm-12\"><div class=\"contact text-center\"><img loading=\"lazy\" decoding=\"async\" width=\"111\" height=\"138\" src=\"https:\/\/plockmaticgroup.com\/plockmatic\/wp-content\/uploads\/sites\/1\/2013\/09\/Erik-240x300.jpg\" class=\"attachment-111x138 size-111x138\" alt=\"\" \/><div class=\"caption\"><h3>Sales Planning Manager<\/h3><p>Inline Systems<\/p><p>Erik N\u00e5sell<\/p><p>Phone: +46 8 602 23 75<\/p><p><\/p><p><a href=\"https:\/\/plockmaticgroup.com\/plockmatic\/sendmail\/?c=RXJpayBOw6VzZWxsfHx8ZXJpay5uYXNlbGxAcGxvY2ttYXRpYy5zZQ==\">E-Mail<\/a><\/p><\/div><\/div><\/div><\/div>[\/vc_column][vc_column width=&#8221;1\/4&#8243;][\/vc_column][vc_column width=&#8221;1\/4&#8243;][\/vc_column][\/vc_row][vc_row][vc_column]<div style=\"margin:25px 0px\"><hr><\/div>[vc_column_text]<\/p>\n<h2 style=\"text-align: left;\">Product Management<\/h2>\n<p>[\/vc_column_text][\/vc_column][\/vc_row][vc_row][vc_column width=&#8221;1\/4&#8243;]<div class=\"row\"><div class=\"col-sm-12\"><div class=\"contact text-center\"><img loading=\"lazy\" decoding=\"async\" width=\"111\" height=\"138\" src=\"https:\/\/plockmaticgroup.com\/plockmatic\/wp-content\/uploads\/sites\/1\/2013\/09\/Jakob-240x300.jpg\" class=\"attachment-111x138 size-111x138\" alt=\"\" \/><div class=\"caption\"><h3>Director Product Management<\/h3><p>Inline and Offline Systems<\/p><p>Jakob Ekeberg<\/p><p>Phone: +44 7 747 562 962<\/p><p><\/p><p><a href=\"https:\/\/plockmaticgroup.com\/plockmatic\/sendmail\/?c=SmFrb2IgRWtlYmVyZ3x8fGpha29iLmVrZWJlcmdAcGxvY2ttYXRpYy5zZQ==\">E-Mail<\/a><\/p><\/div><\/div><\/div><\/div>[\/vc_column][vc_column width=&#8221;1\/4&#8243;][\/vc_column][vc_column width=&#8221;1\/4&#8243;][\/vc_column][vc_column width=&#8221;1\/4&#8243;][\/vc_column][\/vc_row][vc_row][vc_column]<div style=\"margin:25px 0px\"><hr><\/div>[\/vc_column][\/vc_row][vc_row][vc_column][vc_column_text]<\/p>\n<h2 style=\"text-align: left;\">Technical Support &amp; Spare Parts<\/h2>\n<p>[\/vc_column_text][\/vc_column][\/vc_row][vc_row][vc_column width=&#8221;1\/4&#8243; offset=&#8221;vc_col-md-offset-0 vc_col-md-3&#8243;]<div class=\"row\"><div class=\"col-sm-12\"><div class=\"contact text-center\"><img loading=\"lazy\" decoding=\"async\" width=\"111\" height=\"138\" src=\"https:\/\/plockmaticgroup.com\/plockmatic\/wp-content\/uploads\/sites\/1\/2013\/09\/POF-240x300.jpg\" class=\"attachment-111x138 size-111x138\" alt=\"\" \/><div class=\"caption\"><h3>Technical Support Manager<\/h3><p>Inline, Offline &amp; Mailing Europe<\/p><p>Per-Ove Forsgren<\/p><p>Phone: +46 8 602 50 24<\/p><p><\/p><p><a href=\"https:\/\/plockmaticgroup.com\/plockmatic\/sendmail\/?c=UGVyLU92ZSBGb3JzZ3Jlbnx8fHBlci1vdmUuZm9yc2dyZW5AcGxvY2ttYXRpYy5zZQ==\">E-Mail<\/a><\/p><\/div><\/div><\/div><\/div>[\/vc_column][vc_column width=&#8221;1\/4&#8243;]<div class=\"row\"><div class=\"col-sm-12\"><div class=\"contact text-center\"><img loading=\"lazy\" decoding=\"async\" width=\"111\" height=\"138\" src=\"https:\/\/plockmaticgroup.com\/plockmatic\/wp-content\/uploads\/sites\/1\/2013\/09\/Chris-240x300.jpg\" class=\"attachment-111x138 size-111x138\" alt=\"\" \/><div class=\"caption\"><h3>Technical Support Manager<\/h3><p>Inline, Offline &amp; Mailing Asia Pacific<\/p><p>Chris Toll<\/p><p>Phone: +61 7 4697 9553<\/p><p>Phone: +61 431 411 768<\/p><p><a href=\"https:\/\/plockmaticgroup.com\/plockmatic\/sendmail\/?c=Q2hyaXMgVG9sbHx8fGNocmlzLnRvbGxAcGxvY2ttYXRpYy5zZQ==\">E-Mail<\/a><\/p><\/div><\/div><\/div><\/div>[\/vc_column][vc_column width=&#8221;1\/4&#8243;]<div class=\"row\"><div class=\"col-sm-12\"><div class=\"contact text-center\"><img loading=\"lazy\" decoding=\"async\" width=\"111\" height=\"138\" src=\"https:\/\/plockmaticgroup.com\/plockmatic\/wp-content\/uploads\/sites\/1\/2013\/09\/Jerry-240x300.jpg\" class=\"attachment-111x138 size-111x138\" alt=\"\" \/><div class=\"caption\"><h3>Technical Support Manager<\/h3><p>Inline, Offline &amp; Mailing North America<\/p><p>Jerry Cavaliere<\/p><p>Phone: +1 585 267 7692<\/p><p><\/p><p><a href=\"https:\/\/plockmaticgroup.com\/plockmatic\/sendmail\/?c=SmVycnkgQ2F2YWxpZXJlfHx8amVycnkuY2F2YWxpZXJlQHBsb2NrbWF0aWMuc2U=\">E-Mail<\/a><\/p><\/div><\/div><\/div><\/div>[\/vc_column][vc_column width=&#8221;1\/4&#8243;]<div class=\"row\"><div class=\"col-sm-12\"><div class=\"contact text-center\"><img loading=\"lazy\" decoding=\"async\" width=\"111\" height=\"138\" src=\"https:\/\/plockmaticgroup.com\/plockmatic\/wp-content\/uploads\/sites\/1\/2013\/09\/Peter-240x300.jpg\" class=\"attachment-111x138 size-111x138\" alt=\"\" \/><div class=\"caption\"><h3>Spare Parts Manager<\/h3><p>Inline, Offline &amp; Mailing<\/p><p>Peter Samuelsson<\/p><p>Phone: +46 73 633 16 16<\/p><p><\/p><p><a href=\"https:\/\/plockmaticgroup.com\/plockmatic\/sendmail\/?c=UGV0ZXIgU2FtdWVsc3Nvbnx8fHBldGVyLnNhbXVlbHNzb25AcGxvY2ttYXRpYy5zZQ==\">E-Mail<\/a><\/p><\/div><\/div><\/div><\/div>[\/vc_column][\/vc_row]<\/p>\n<\/div>","protected":false},"excerpt":{"rendered":"<p>[vc_row content_placement=&#8221;middle&#8221;][vc_column width=&#8221;1\/4&#8243; offset=&#8221;vc_col-xs-12&#8243;][vc_column_text]Plockmatic International AB Telefonv\u00e4gen 30 SE-126 26 H\u00c4GERSTEN SWEDEN Phone: +46 8 602 50 00 Fax: +46 8 722 9970[\/vc_column_text][\/vc_column][vc_column width=&#8221;1\/4&#8243; offset=&#8221;vc_hidden-xs&#8221;][vc_column_text]Visiting address: Telefonv\u00e4gen 30, 126 26 H\u00c4GERSTEN Delivery address: Dialoggatan 12, 126 26 H\u00c4GERSTEN[\/vc_column_text][\/vc_column][vc_column width=&#8221;1\/4&#8243;][\/vc_column][vc_column width=&#8221;1\/4&#8243;][\/vc_column][\/vc_row][vc_row][vc_column][vc_column_text] Sales &amp; Marketing [\/vc_column_text][\/vc_column][vc_column width=&#8221;1\/4&#8243;][\/vc_column][vc_column width=&#8221;1\/4&#8243;][\/vc_column][vc_column width=&#8221;1\/4&#8243;][\/vc_column][vc_column width=&#8221;1\/4&#8243;][\/vc_column][\/vc_row][vc_row][vc_column][vc_empty_space height=&#8221;50px&#8221;][\/vc_column][\/vc_row][vc_row][vc_column width=&#8221;1\/4&#8243;][\/vc_column][vc_column width=&#8221;1\/4&#8243;][\/vc_column][vc_column width=&#8221;1\/4&#8243;][\/vc_column][vc_column width=&#8221;1\/4&#8243;][\/vc_column][\/vc_row][vc_row][vc_column][vc_column_text] Product Management [&hellip;]<\/p>\n","protected":false},"author":1,"featured_media":0,"parent":0,"menu_order":0,"comment_status":"closed","ping_status":"closed","template":"page_contact.php","meta":{"_acf_changed":false,"footnotes":""},"class_list":["post-11","page","type-page","status-publish","hentry"],"acf":[],"yoast_head":"<!-- This site is optimized with the Yoast SEO plugin v26.9 - https:\/\/yoast.com\/product\/yoast-seo-wordpress\/ -->\n<title>Contact Us | Inline<\/title>\n<meta name=\"robots\" content=\"index, follow, max-snippet:-1, max-image-preview:large, max-video-preview:-1\" \/>\n<link rel=\"canonical\" href=\"https:\/\/plockmaticgroup.com\/plockmatic\/contact-us\/\" \/>\n<meta property=\"og:locale\" content=\"en_GB\" \/>\n<meta property=\"og:type\" content=\"article\" \/>\n<meta property=\"og:title\" content=\"Contact Us | Inline\" \/>\n<meta property=\"og:description\" content=\"[vc_row content_placement=&#8221;middle&#8221;][vc_column width=&#8221;1\/4&#8243; offset=&#8221;vc_col-xs-12&#8243;][vc_column_text]Plockmatic International AB Telefonv\u00e4gen 30 SE-126 26 H\u00c4GERSTEN SWEDEN Phone: +46 8 602 50 00 Fax: +46 8 722 9970[\/vc_column_text][\/vc_column][vc_column width=&#8221;1\/4&#8243; offset=&#8221;vc_hidden-xs&#8221;][vc_column_text]Visiting address: Telefonv\u00e4gen 30, 126 26 H\u00c4GERSTEN Delivery address: Dialoggatan 12, 126 26 H\u00c4GERSTEN[\/vc_column_text][\/vc_column][vc_column width=&#8221;1\/4&#8243;][\/vc_column][vc_column width=&#8221;1\/4&#8243;][\/vc_column][\/vc_row][vc_row][vc_column][vc_column_text] Sales &amp; Marketing [\/vc_column_text][\/vc_column][vc_column width=&#8221;1\/4&#8243;][\/vc_column][vc_column width=&#8221;1\/4&#8243;][\/vc_column][vc_column width=&#8221;1\/4&#8243;][\/vc_column][vc_column width=&#8221;1\/4&#8243;][\/vc_column][\/vc_row][vc_row][vc_column][vc_empty_space height=&#8221;50px&#8221;][\/vc_column][\/vc_row][vc_row][vc_column width=&#8221;1\/4&#8243;][\/vc_column][vc_column width=&#8221;1\/4&#8243;][\/vc_column][vc_column width=&#8221;1\/4&#8243;][\/vc_column][vc_column width=&#8221;1\/4&#8243;][\/vc_column][\/vc_row][vc_row][vc_column][vc_column_text] Product Management [&hellip;]\" \/>\n<meta property=\"og:url\" content=\"https:\/\/plockmaticgroup.com\/plockmatic\/contact-us\/\" \/>\n<meta property=\"og:site_name\" content=\"Inline\" \/>\n<meta property=\"article:modified_time\" content=\"2022-03-08T14:20:48+00:00\" \/>\n<meta name=\"twitter:card\" content=\"summary_large_image\" \/>\n<meta name=\"twitter:label1\" content=\"Estimated reading time\" \/>\n\t<meta name=\"twitter:data1\" content=\"2 minutes\" \/>\n<script type=\"application\/ld+json\" class=\"yoast-schema-graph\">{\"@context\":\"https:\/\/schema.org\",\"@graph\":[{\"@type\":\"WebPage\",\"@id\":\"https:\/\/plockmaticgroup.com\/plockmatic\/contact-us\/\",\"url\":\"https:\/\/plockmaticgroup.com\/plockmatic\/contact-us\/\",\"name\":\"Contact Us | Inline\",\"isPartOf\":{\"@id\":\"https:\/\/plockmaticgroup.com\/plockmatic\/#website\"},\"datePublished\":\"2013-09-17T13:44:23+00:00\",\"dateModified\":\"2022-03-08T14:20:48+00:00\",\"breadcrumb\":{\"@id\":\"https:\/\/plockmaticgroup.com\/plockmatic\/contact-us\/#breadcrumb\"},\"inLanguage\":\"en-GB\",\"potentialAction\":[{\"@type\":\"ReadAction\",\"target\":[\"https:\/\/plockmaticgroup.com\/plockmatic\/contact-us\/\"]}]},{\"@type\":\"BreadcrumbList\",\"@id\":\"https:\/\/plockmaticgroup.com\/plockmatic\/contact-us\/#breadcrumb\",\"itemListElement\":[{\"@type\":\"ListItem\",\"position\":1,\"name\":\"Home\",\"item\":\"https:\/\/plockmaticgroup.com\/plockmatic\/\"},{\"@type\":\"ListItem\",\"position\":2,\"name\":\"Contact Us\"}]},{\"@type\":\"WebSite\",\"@id\":\"https:\/\/plockmaticgroup.com\/plockmatic\/#website\",\"url\":\"https:\/\/plockmaticgroup.com\/plockmatic\/\",\"name\":\"Plockmatic Inline\",\"description\":\"\",\"publisher\":{\"@id\":\"https:\/\/plockmaticgroup.com\/plockmatic\/#organization\"},\"potentialAction\":[{\"@type\":\"SearchAction\",\"target\":{\"@type\":\"EntryPoint\",\"urlTemplate\":\"https:\/\/plockmaticgroup.com\/plockmatic\/?s={search_term_string}\"},\"query-input\":{\"@type\":\"PropertyValueSpecification\",\"valueRequired\":true,\"valueName\":\"search_term_string\"}}],\"inLanguage\":\"en-GB\"},{\"@type\":\"Organization\",\"@id\":\"https:\/\/plockmaticgroup.com\/plockmatic\/#organization\",\"name\":\"Plockmatic\",\"url\":\"https:\/\/plockmaticgroup.com\/plockmatic\/\",\"logo\":{\"@type\":\"ImageObject\",\"inLanguage\":\"en-GB\",\"@id\":\"https:\/\/plockmaticgroup.com\/plockmatic\/#\/schema\/logo\/image\/\",\"url\":\"https:\/\/plockmaticgroup.com\/plockmatic\/wp-content\/uploads\/sites\/1\/2017\/03\/logo-2.png\",\"contentUrl\":\"https:\/\/plockmaticgroup.com\/plockmatic\/wp-content\/uploads\/sites\/1\/2017\/03\/logo-2.png\",\"width\":254,\"height\":37,\"caption\":\"Plockmatic\"},\"image\":{\"@id\":\"https:\/\/plockmaticgroup.com\/plockmatic\/#\/schema\/logo\/image\/\"},\"sameAs\":[\"https:\/\/www.youtube.com\/@PlockmaticIntAB\"]}]}<\/script>\n<!-- \/ Yoast SEO plugin. -->","yoast_head_json":{"title":"Contact Us | Inline","robots":{"index":"index","follow":"follow","max-snippet":"max-snippet:-1","max-image-preview":"max-image-preview:large","max-video-preview":"max-video-preview:-1"},"canonical":"https:\/\/plockmaticgroup.com\/plockmatic\/contact-us\/","og_locale":"en_GB","og_type":"article","og_title":"Contact Us | Inline","og_description":"[vc_row content_placement=&#8221;middle&#8221;][vc_column width=&#8221;1\/4&#8243; offset=&#8221;vc_col-xs-12&#8243;][vc_column_text]Plockmatic International AB Telefonv\u00e4gen 30 SE-126 26 H\u00c4GERSTEN SWEDEN Phone: +46 8 602 50 00 Fax: +46 8 722 9970[\/vc_column_text][\/vc_column][vc_column width=&#8221;1\/4&#8243; offset=&#8221;vc_hidden-xs&#8221;][vc_column_text]Visiting address: Telefonv\u00e4gen 30, 126 26 H\u00c4GERSTEN Delivery address: Dialoggatan 12, 126 26 H\u00c4GERSTEN[\/vc_column_text][\/vc_column][vc_column width=&#8221;1\/4&#8243;][\/vc_column][vc_column width=&#8221;1\/4&#8243;][\/vc_column][\/vc_row][vc_row][vc_column][vc_column_text] Sales &amp; Marketing [\/vc_column_text][\/vc_column][vc_column width=&#8221;1\/4&#8243;][\/vc_column][vc_column width=&#8221;1\/4&#8243;][\/vc_column][vc_column width=&#8221;1\/4&#8243;][\/vc_column][vc_column width=&#8221;1\/4&#8243;][\/vc_column][\/vc_row][vc_row][vc_column][vc_empty_space height=&#8221;50px&#8221;][\/vc_column][\/vc_row][vc_row][vc_column width=&#8221;1\/4&#8243;][\/vc_column][vc_column width=&#8221;1\/4&#8243;][\/vc_column][vc_column width=&#8221;1\/4&#8243;][\/vc_column][vc_column width=&#8221;1\/4&#8243;][\/vc_column][\/vc_row][vc_row][vc_column][vc_column_text] Product Management [&hellip;]","og_url":"https:\/\/plockmaticgroup.com\/plockmatic\/contact-us\/","og_site_name":"Inline","article_modified_time":"2022-03-08T14:20:48+00:00","twitter_card":"summary_large_image","twitter_misc":{"Estimated reading time":"2 minutes"},"schema":{"@context":"https:\/\/schema.org","@graph":[{"@type":"WebPage","@id":"https:\/\/plockmaticgroup.com\/plockmatic\/contact-us\/","url":"https:\/\/plockmaticgroup.com\/plockmatic\/contact-us\/","name":"Contact Us | Inline","isPartOf":{"@id":"https:\/\/plockmaticgroup.com\/plockmatic\/#website"},"datePublished":"2013-09-17T13:44:23+00:00","dateModified":"2022-03-08T14:20:48+00:00","breadcrumb":{"@id":"https:\/\/plockmaticgroup.com\/plockmatic\/contact-us\/#breadcrumb"},"inLanguage":"en-GB","potentialAction":[{"@type":"ReadAction","target":["https:\/\/plockmaticgroup.com\/plockmatic\/contact-us\/"]}]},{"@type":"BreadcrumbList","@id":"https:\/\/plockmaticgroup.com\/plockmatic\/contact-us\/#breadcrumb","itemListElement":[{"@type":"ListItem","position":1,"name":"Home","item":"https:\/\/plockmaticgroup.com\/plockmatic\/"},{"@type":"ListItem","position":2,"name":"Contact Us"}]},{"@type":"WebSite","@id":"https:\/\/plockmaticgroup.com\/plockmatic\/#website","url":"https:\/\/plockmaticgroup.com\/plockmatic\/","name":"Plockmatic Inline","description":"","publisher":{"@id":"https:\/\/plockmaticgroup.com\/plockmatic\/#organization"},"potentialAction":[{"@type":"SearchAction","target":{"@type":"EntryPoint","urlTemplate":"https:\/\/plockmaticgroup.com\/plockmatic\/?s={search_term_string}"},"query-input":{"@type":"PropertyValueSpecification","valueRequired":true,"valueName":"search_term_string"}}],"inLanguage":"en-GB"},{"@type":"Organization","@id":"https:\/\/plockmaticgroup.com\/plockmatic\/#organization","name":"Plockmatic","url":"https:\/\/plockmaticgroup.com\/plockmatic\/","logo":{"@type":"ImageObject","inLanguage":"en-GB","@id":"https:\/\/plockmaticgroup.com\/plockmatic\/#\/schema\/logo\/image\/","url":"https:\/\/plockmaticgroup.com\/plockmatic\/wp-content\/uploads\/sites\/1\/2017\/03\/logo-2.png","contentUrl":"https:\/\/plockmaticgroup.com\/plockmatic\/wp-content\/uploads\/sites\/1\/2017\/03\/logo-2.png","width":254,"height":37,"caption":"Plockmatic"},"image":{"@id":"https:\/\/plockmaticgroup.com\/plockmatic\/#\/schema\/logo\/image\/"},"sameAs":["https:\/\/www.youtube.com\/@PlockmaticIntAB"]}]}},"_links":{"self":[{"href":"https:\/\/plockmaticgroup.com\/plockmatic\/wp-json\/wp\/v2\/pages\/11","targetHints":{"allow":["GET"]}}],"collection":[{"href":"https:\/\/plockmaticgroup.com\/plockmatic\/wp-json\/wp\/v2\/pages"}],"about":[{"href":"https:\/\/plockmaticgroup.com\/plockmatic\/wp-json\/wp\/v2\/types\/page"}],"author":[{"embeddable":true,"href":"https:\/\/plockmaticgroup.com\/plockmatic\/wp-json\/wp\/v2\/users\/1"}],"replies":[{"embeddable":true,"href":"https:\/\/plockmaticgroup.com\/plockmatic\/wp-json\/wp\/v2\/comments?post=11"}],"version-history":[{"count":94,"href":"https:\/\/plockmaticgroup.com\/plockmatic\/wp-json\/wp\/v2\/pages\/11\/revisions"}],"predecessor-version":[{"id":4094,"href":"https:\/\/plockmaticgroup.com\/plockmatic\/wp-json\/wp\/v2\/pages\/11\/revisions\/4094"}],"wp:attachment":[{"href":"https:\/\/plockmaticgroup.com\/plockmatic\/wp-json\/wp\/v2\/media?parent=11"}],"curies":[{"name":"wp","href":"https:\/\/api.w.org\/{rel}","templated":true}]}}